{"id":2891,"date":"2019-08-12T13:23:06","date_gmt":"2019-08-12T11:23:06","guid":{"rendered":"http:\/\/osfm-blagovna.splet.arnes.si\/?page_id=2891"},"modified":"2025-08-25T16:35:00","modified_gmt":"2025-08-25T14:35:00","slug":"tekmovanja","status":"publish","type":"page","link":"https:\/\/os-blagovna.si\/?page_id=2891","title":{"rendered":"Tekmovanja"},"content":{"rendered":"<p>[et_pb_section fb_built=&#8221;1&#8243; fullwidth=&#8221;on&#8221; admin_label=&#8221;section&#8221; _builder_version=&#8221;4.16&#8243; global_colors_info=&#8221;{}&#8221;][et_pb_fullwidth_slider admin_label=&#8221;Fullwidth Slider&#8221; _builder_version=&#8221;4.18.0&#8243; custom_padding=&#8221;|||&#8221; custom_padding_tablet=&#8221;|||&#8221; custom_padding_phone=&#8221;|||&#8221; box_shadow_style=&#8221;preset6&#8243; box_shadow_blur=&#8221;10px&#8221; box_shadow_color=&#8221;rgba(0,0,0,0.1)&#8221; remove_inner_shadow=&#8221;off&#8221; hide_content_on_mobile=&#8221;off&#8221; hide_cta_on_mobile=&#8221;off&#8221; show_inner_shadow=&#8221;on&#8221; button_letter_spacing_hover=&#8221;0&#8243; global_module=&#8221;1575&#8243; saved_tabs=&#8221;all&#8221; global_colors_info=&#8221;{}&#8221; button_text_size__hover_enabled=&#8221;off&#8221; button_one_text_size__hover_enabled=&#8221;off&#8221; button_two_text_size__hover_enabled=&#8221;off&#8221; button_text_color__hover_enabled=&#8221;off&#8221; button_one_text_color__hover_enabled=&#8221;off&#8221; button_two_text_color__hover_enabled=&#8221;off&#8221; button_border_width__hover_enabled=&#8221;off&#8221; button_one_border_width__hover_enabled=&#8221;off&#8221; button_two_border_width__hover_enabled=&#8221;off&#8221; button_border_color__hover_enabled=&#8221;off&#8221; button_one_border_color__hover_enabled=&#8221;off&#8221; button_two_border_color__hover_enabled=&#8221;off&#8221; button_border_radius__hover_enabled=&#8221;off&#8221; button_one_border_radius__hover_enabled=&#8221;off&#8221; button_two_border_radius__hover_enabled=&#8221;off&#8221; button_letter_spacing__hover_enabled=&#8221;on&#8221; button_letter_spacing__hover=&#8221;0&#8243; button_one_letter_spacing__hover_enabled=&#8221;off&#8221; button_two_letter_spacing__hover_enabled=&#8221;off&#8221; button_bg_color__hover_enabled=&#8221;off&#8221; button_one_bg_color__hover_enabled=&#8221;off&#8221; button_two_bg_color__hover_enabled=&#8221;off&#8221;][et_pb_slide heading=&#8221;PO\u0160 Blagovna&#8221; _builder_version=&#8221;4.18.0&#8243; background_image=&#8221;https:\/\/os-blagovna.si\/files\/2015\/08\/blag4.jpg&#8221; background_enable_image=&#8221;on&#8221; button_icon_placement=&#8221;right&#8221; button_on_hover=&#8221;on&#8221; global_colors_info=&#8221;{}&#8221; button_one_text_size__hover_enabled=&#8221;off&#8221; button_two_text_size__hover_enabled=&#8221;off&#8221; button_one_text_color__hover_enabled=&#8221;off&#8221; button_two_text_color__hover_enabled=&#8221;off&#8221; button_one_border_width__hover_enabled=&#8221;off&#8221; button_two_border_width__hover_enabled=&#8221;off&#8221; button_one_border_color__hover_enabled=&#8221;off&#8221; button_two_border_color__hover_enabled=&#8221;off&#8221; button_one_border_radius__hover_enabled=&#8221;off&#8221; button_two_border_radius__hover_enabled=&#8221;off&#8221; button_letter_spacing__hover_enabled=&#8221;off&#8221; button_one_letter_spacing__hover_enabled=&#8221;off&#8221; button_two_letter_spacing__hover_enabled=&#8221;off&#8221; button_one_bg_color__hover_enabled=&#8221;off&#8221; button_two_bg_color__hover_enabled=&#8221;off&#8221; sticky_transition=&#8221;on&#8221;][\/et_pb_slide][et_pb_slide _builder_version=&#8221;4.18.0&#8243; _module_preset=&#8221;default&#8221; background_image=&#8221;https:\/\/os-blagovna.si\/files\/2015\/08\/logo-blagovna2.jpg&#8221; background_enable_image=&#8221;on&#8221; global_colors_info=&#8221;{}&#8221; sticky_transition=&#8221;on&#8221;][\/et_pb_slide][\/et_pb_fullwidth_slider][et_pb_fullwidth_menu menu_id=&#8221;4&#8243; menu_style=&#8221;centered&#8221; submenu_direction=&#8221;downwards&#8221; admin_label=&#8221;Fullwidth Menu&#8221; _builder_version=&#8221;4.18.0&#8243; background_color=&#8221;#fff347&#8243; global_colors_info=&#8221;{}&#8221;][\/et_pb_fullwidth_menu][\/et_pb_section][et_pb_section fb_built=&#8221;1&#8243; admin_label=&#8221;section&#8221; _builder_version=&#8221;4.16&#8243; global_colors_info=&#8221;{}&#8221;][et_pb_row column_structure=&#8221;2_3,1_3&#8243; admin_label=&#8221;row&#8221; _builder_version=&#8221;4.16&#8243; background_size=&#8221;initial&#8221; background_position=&#8221;top_left&#8221; background_repeat=&#8221;repeat&#8221; global_colors_info=&#8221;{}&#8221;][et_pb_column type=&#8221;2_3&#8243; _builder_version=&#8221;4.16&#8243; custom_padding=&#8221;|||&#8221; global_colors_info=&#8221;{}&#8221; custom_padding__hover=&#8221;|||&#8221;][et_pb_text admin_label=&#8221;vsebina&#8221; _builder_version=&#8221;4.27.4&#8243; background_size=&#8221;initial&#8221; background_position=&#8221;top_left&#8221; background_repeat=&#8221;repeat&#8221; hover_enabled=&#8221;0&#8243; use_border_color=&#8221;off&#8221; border_color=&#8221;#ffffff&#8221; border_style=&#8221;solid&#8221; global_colors_info=&#8221;{}&#8221; sticky_enabled=&#8221;0&#8243;]<\/p>\n<table>\n<tbody>\n<tr>\n<td width=\"154\"><strong>Naziv tekmovanja<\/strong><\/td>\n<td width=\"154\"><strong>Vrsta tekmovanja<\/strong><\/td>\n<td width=\"154\"><strong>Vklju\u010deni razredi<\/strong><\/td>\n<td width=\"154\"><strong>Vodja tekmovanja<\/strong><\/td>\n<\/tr>\n<tr>\n<td width=\"154\">Vesela \u0161ola<\/td>\n<td width=\"154\">Dr\u017eavno tekmovanje<\/td>\n<td width=\"154\">4.in 5. razred<\/td>\n<td width=\"154\">Petra Artnak<\/td>\n<\/tr>\n<tr>\n<td width=\"154\">Mednarodni matemati\u010dni Kenguru<\/td>\n<td width=\"154\">Mednarodno tekmovanje<\/td>\n<td width=\"154\">1.do 5. razred<\/td>\n<td width=\"154\">Tea Gle\u0161\u010di\u010d<\/td>\n<\/tr>\n<tr>\n<td width=\"154\">Tekmovanje iz sloven\u0161\u010dine za Cankarjevo priznanje<\/td>\n<td width=\"154\">Dr\u017eavno tekmovanje<\/td>\n<td width=\"154\">4.in 5. razred<\/td>\n<td width=\"154\">Tea Gle\u0161\u010di\u010d<\/td>\n<\/tr>\n<tr>\n<td width=\"154\">Tekmovanje iz sloven\u0161\u010dine za Cankarjevo priznanje Mehur\u010dki<\/td>\n<td width=\"154\">\u0160olsko tekmovanje<\/td>\n<td width=\"154\">1., 2.in 3. razred<\/td>\n<td width=\"154\">Monika Predikaka<\/td>\n<\/tr>\n<tr>\n<td width=\"154\">ACM tekmovanje Bober<\/td>\n<td width=\"154\">Dr\u017eavno tekmovanje<\/td>\n<td width=\"154\">1.do 5. razred<\/td>\n<td width=\"154\">Monika Predikaka<\/td>\n<\/tr>\n<tr>\n<td width=\"154\">&nbsp;<\/td>\n<td width=\"154\">&nbsp;<\/td>\n<td width=\"154\">&nbsp;<\/td>\n<td width=\"154\">&nbsp;<\/td>\n<\/tr>\n<tr>\n<td width=\"154\">\u0160PF<\/td>\n<td width=\"154\">\u0160olsko, ob\u010dinsko in regijsko tekmovanje<\/td>\n<td width=\"154\">1.do 5. razred<\/td>\n<td width=\"154\">Petra Artnak<\/td>\n<\/tr>\n<tr>\n<td width=\"154\">&nbsp;<\/td>\n<td width=\"154\">&nbsp;<\/td>\n<td width=\"154\">&nbsp;<\/td>\n<td width=\"154\">&nbsp;<\/td>\n<\/tr>\n<\/tbody>\n<\/table>\n<p>[\/et_pb_text][\/et_pb_column][et_pb_column type=&#8221;1_3&#8243; _builder_version=&#8221;4.16&#8243; custom_padding=&#8221;|||&#8221; global_colors_info=&#8221;{}&#8221; custom_padding__hover=&#8221;|||&#8221;][\/et_pb_column][\/et_pb_row][\/et_pb_section]<\/p>\n","protected":false},"excerpt":{"rendered":"<p>Naziv tekmovanja Vrsta tekmovanja Vklju\u010deni razredi Vodja tekmovanja Vesela \u0161ola Dr\u017eavno tekmovanje 4.in 5. razred Petra Artnak Mednarodni matemati\u010dni Kenguru Mednarodno tekmovanje 1.do 5. razred Tea Gle\u0161\u010di\u010d Tekmovanje iz sloven\u0161\u010dine za Cankarjevo priznanje Dr\u017eavno tekmovanje 4.in 5. razred Tea Gle\u0161\u010di\u010d Tekmovanje iz sloven\u0161\u010dine za Cankarjevo priznanje Mehur\u010dki \u0160olsko tekmovanje 1., 2.in 3. razred Monika Predikaka [&hellip;]<\/p>\n","protected":false},"author":4606,"featured_media":0,"parent":0,"menu_order":0,"comment_status":"closed","ping_status":"closed","template":"","meta":{"_et_pb_use_builder":"on","_et_pb_old_content":"","_et_gb_content_width":"","ngg_post_thumbnail":0,"footnotes":"","_expiration-date-status":"","_expiration-date":0,"_expiration-date-type":"","_expiration-date-categories":[],"_expiration-date-options":[]},"class_list":["post-2891","page","type-page","status-publish","hentry"],"_links":{"self":[{"href":"https:\/\/os-blagovna.si\/index.php?rest_route=\/wp\/v2\/pages\/2891","targetHints":{"allow":["GET"]}}],"collection":[{"href":"https:\/\/os-blagovna.si\/index.php?rest_route=\/wp\/v2\/pages"}],"about":[{"href":"https:\/\/os-blagovna.si\/index.php?rest_route=\/wp\/v2\/types\/page"}],"author":[{"embeddable":true,"href":"https:\/\/os-blagovna.si\/index.php?rest_route=\/wp\/v2\/users\/4606"}],"replies":[{"embeddable":true,"href":"https:\/\/os-blagovna.si\/index.php?rest_route=%2Fwp%2Fv2%2Fcomments&post=2891"}],"version-history":[{"count":6,"href":"https:\/\/os-blagovna.si\/index.php?rest_route=\/wp\/v2\/pages\/2891\/revisions"}],"predecessor-version":[{"id":7981,"href":"https:\/\/os-blagovna.si\/index.php?rest_route=\/wp\/v2\/pages\/2891\/revisions\/7981"}],"wp:attachment":[{"href":"https:\/\/os-blagovna.si\/index.php?rest_route=%2Fwp%2Fv2%2Fmedia&parent=2891"}],"curies":[{"name":"wp","href":"https:\/\/api.w.org\/{rel}","templated":true}]}}